{"id":221,"date":"2024-10-25T10:34:57","date_gmt":"2024-10-25T10:34:57","guid":{"rendered":"https:\/\/salondebellezamonicaperez.com\/?page_id=221"},"modified":"2024-11-26T11:20:42","modified_gmt":"2024-11-26T11:20:42","slug":"bronceado","status":"publish","type":"page","link":"https:\/\/salondebellezamonicaperez.com\/en\/bronceado\/","title":{"rendered":"Tanned"},"content":{"rendered":"<div data-elementor-type=\"wp-page\" data-elementor-id=\"221\" class=\"elementor elementor-221\" data-elementor-post-type=\"page\">\n\t\t\t\t<div class=\"elementor-element elementor-element-5e85c77 e-con-full e-flex elementor-invisible e-con e-parent\" data-id=\"5e85c77\" data-element_type=\"container\" data-e-type=\"container\" data-settings=\"{&quot;animation&quot;:&quot;fadeIn&quot;}\">\n\t\t\t\t<\/div>\n\t\t<div class=\"elementor-element elementor-element-ca75d29 e-flex e-con-boxed elementor-invisible e-con e-parent\" data-id=\"ca75d29\" data-element_type=\"container\" data-e-type=\"container\" data-settings=\"{&quot;animation&quot;:&quot;fadeIn&quot;}\">\n\t\t\t\t\t<div class=\"e-con-inner\">\n\t\t\t\t<div class=\"elementor-element elementor-element-7a1033c elementor-widget elementor-widget-heading\" data-id=\"7a1033c\" data-element_type=\"widget\" data-e-type=\"widget\" data-widget_type=\"heading.default\">\n\t\t\t\t<div class=\"elementor-widget-container\">\n\t\t\t\t\t<h2 class=\"elementor-heading-title elementor-size-default\">Tanned<\/h2>\t\t\t\t<\/div>\n\t\t\t\t<\/div>\n\t\t\t\t<div class=\"elementor-element elementor-element-e214f58 elementor-widget elementor-widget-heading\" data-id=\"e214f58\" data-element_type=\"widget\" data-e-type=\"widget\" data-widget_type=\"heading.default\">\n\t\t\t\t<div class=\"elementor-widget-container\">\n\t\t\t\t\t<h1 class=\"elementor-heading-title elementor-size-default\">Sorisa UVA Tanning<\/h1>\t\t\t\t<\/div>\n\t\t\t\t<\/div>\n\t\t\t\t\t<\/div>\n\t\t\t\t<\/div>\n\t\t<div class=\"elementor-element elementor-element-fdb622f e-flex e-con-boxed e-con e-parent\" data-id=\"fdb622f\" data-element_type=\"container\" data-e-type=\"container\">\n\t\t\t\t\t<div class=\"e-con-inner\">\n\t\t<div class=\"elementor-element elementor-element-a005a7b e-con-full e-flex elementor-invisible e-con e-child\" data-id=\"a005a7b\" data-element_type=\"container\" data-e-type=\"container\" data-settings=\"{&quot;animation&quot;:&quot;fadeInLeft&quot;}\">\n\t\t\t\t<div class=\"elementor-element elementor-element-33413c3 elementor-widget elementor-widget-text-editor\" data-id=\"33413c3\" data-element_type=\"widget\" data-e-type=\"widget\" data-widget_type=\"text-editor.default\">\n\t\t\t\t<div class=\"elementor-widget-container\">\n\t\t\t\t\t\t\t\t\t<div>Ultraviolet rays have beneficial effects on our body, they influence our mood and the synthesis of Vitamin D, and they also allow us to tan our skin in a professionally controlled manner.<\/div><div>\u00a0<\/div><div>\u00a0<\/div><div>Nowadays, ultraviolet radiation is used in dermatology services for the treatment and control of various skin conditions such as psoriasis, atopic dermatitis, some skin symptoms and certain photodermatoses. Always under strict medical supervision, adjusting the appropriate dose to each patient and pathology.<\/div><div>\u00a0<\/div><div>\u00a0<\/div><div>Some areas of our body need to be especially protected from the action of ultraviolet radiation, such as the genital area and the face.<\/div><div>\u00a0<\/div><div>\u00a0<\/div><div>Minors under 18 years of age should not use tanning booths and, of course, their use is not recommended for pregnant women.<\/div>\t\t\t\t\t\t\t\t<\/div>\n\t\t\t\t<\/div>\n\t\t\t\t<\/div>\n\t\t<div class=\"elementor-element elementor-element-59104c0 e-con-full e-flex elementor-invisible e-con e-child\" data-id=\"59104c0\" data-element_type=\"container\" data-e-type=\"container\" data-settings=\"{&quot;animation&quot;:&quot;fadeInRight&quot;}\">\n\t\t\t\t<div class=\"elementor-element elementor-element-3b3ea23 elementor-widget elementor-widget-image\" data-id=\"3b3ea23\" data-element_type=\"widget\" data-e-type=\"widget\" data-widget_type=\"image.default\">\n\t\t\t\t<div class=\"elementor-widget-container\">\n\t\t\t\t\t\t\t\t\t\t\t\t\t\t\t<img fetchpriority=\"high\" decoding=\"async\" width=\"1024\" height=\"1024\" src=\"https:\/\/salondebellezamonicaperez.com\/wp-content\/uploads\/2024\/10\/cabina-de-bronceados.jpg\" class=\"attachment-full size-full wp-image-101\" alt=\"cabina de bronceados\" srcset=\"https:\/\/salondebellezamonicaperez.com\/wp-content\/uploads\/2024\/10\/cabina-de-bronceados.jpg 1024w, https:\/\/salondebellezamonicaperez.com\/wp-content\/uploads\/2024\/10\/cabina-de-bronceados-300x300.jpg 300w, https:\/\/salondebellezamonicaperez.com\/wp-content\/uploads\/2024\/10\/cabina-de-bronceados-150x150.jpg 150w, https:\/\/salondebellezamonicaperez.com\/wp-content\/uploads\/2024\/10\/cabina-de-bronceados-768x768.jpg 768w\" sizes=\"(max-width: 1024px) 100vw, 1024px\" \/>\t\t\t\t\t\t\t\t\t\t\t\t\t\t\t<\/div>\n\t\t\t\t<\/div>\n\t\t\t\t<\/div>\n\t\t\t\t\t<\/div>\n\t\t\t\t<\/div>\n\t\t<div class=\"elementor-element elementor-element-0930e1f e-flex e-con-boxed elementor-invisible e-con e-parent\" data-id=\"0930e1f\" data-element_type=\"container\" data-e-type=\"container\" data-settings=\"{&quot;animation&quot;:&quot;zoomIn&quot;}\">\n\t\t\t\t\t<div class=\"e-con-inner\">\n\t\t<div class=\"elementor-element elementor-element-47f6ae1 e-con-full e-flex e-con e-child\" data-id=\"47f6ae1\" data-element_type=\"container\" data-e-type=\"container\" data-settings=\"{&quot;background_background&quot;:&quot;classic&quot;}\">\n\t\t\t\t<\/div>\n\t\t<div class=\"elementor-element elementor-element-7a8a1aa e-con-full e-flex e-con e-child\" data-id=\"7a8a1aa\" data-element_type=\"container\" data-e-type=\"container\" data-settings=\"{&quot;background_background&quot;:&quot;classic&quot;}\">\n\t\t\t\t<div class=\"elementor-element elementor-element-602de2f elementor-widget elementor-widget-icon-box\" data-id=\"602de2f\" data-element_type=\"widget\" data-e-type=\"widget\" data-widget_type=\"icon-box.default\">\n\t\t\t\t<div class=\"elementor-widget-container\">\n\t\t\t\t\t\t\t<div class=\"elementor-icon-box-wrapper\">\n\n\t\t\t\n\t\t\t\t\t\t<div class=\"elementor-icon-box-content\">\n\n\t\t\t\t\t\t\t\t\t<h3 class=\"elementor-icon-box-title\">\n\t\t\t\t\t\t<span  >\n\t\t\t\t\t\t\tTANNING\t\t\t\t\t\t<\/span>\n\t\t\t\t\t<\/h3>\n\t\t\t\t\n\t\t\t\t\t\t\t\t\t<p class=\"elementor-icon-box-description\">\n\t\t\t\t\t\t<strong>\"SORISA\" UVA tanning voucher<\/strong>\n\t\t\t\t\t<\/p>\n\t\t\t\t\n\t\t\t<\/div>\n\t\t\t\n\t\t<\/div>\n\t\t\t\t\t\t<\/div>\n\t\t\t\t<\/div>\n\t\t\t\t<div class=\"elementor-element elementor-element-4aac40a elementor-widget elementor-widget-heading\" data-id=\"4aac40a\" data-element_type=\"widget\" data-e-type=\"widget\" data-widget_type=\"heading.default\">\n\t\t\t\t<div class=\"elementor-widget-container\">\n\t\t\t\t\t<h2 class=\"elementor-heading-title elementor-size-default\">10 sessions - <strong>45\u20ac <br><\/strong>\n1 session - <strong>6,00\u20ac<\/strong><\/h2>\t\t\t\t<\/div>\n\t\t\t\t<\/div>\n\t\t\t\t<\/div>\n\t\t<div class=\"elementor-element elementor-element-3b3c056 e-con-full e-flex e-con e-child\" data-id=\"3b3c056\" data-element_type=\"container\" data-e-type=\"container\" data-settings=\"{&quot;background_background&quot;:&quot;classic&quot;}\">\n\t\t\t\t<\/div>\n\t\t\t\t\t<\/div>\n\t\t\t\t<\/div>\n\t\t\t\t<\/div>","protected":false},"excerpt":{"rendered":"<p>Bronceado Bronceado Rayos Uva Sorisa Los rayos ultravioletas tienen unos efectos beneficiosos sobre nuestro organismo, influyen sobre nuestro estado de \u00e1nimo y en la s\u00edntesis de Vitamina D, a su vez, nos permiten de manera controlada por un profesional, broncear la piel.\u00a0\u00a0En la actualidad la radiaci\u00f3n ultravioleta se utiliza en los servicios de dermatolog\u00eda para [&hellip;]<\/p>\n","protected":false},"author":1,"featured_media":0,"parent":0,"menu_order":0,"comment_status":"closed","ping_status":"closed","template":"","meta":{"inline_featured_image":false,"footnotes":""},"class_list":["post-221","page","type-page","status-publish","hentry"],"yoast_head":"<!-- This site is optimized with the Yoast SEO plugin v27.4 - https:\/\/yoast.com\/product\/yoast-seo-wordpress\/ -->\n<title>Bronceado - Sal\u00f3n de Belleza M\u00f3nica P\u00e9rez<\/title>\n<meta name=\"robots\" content=\"index, follow, max-snippet:-1, max-image-preview:large, max-video-preview:-1\" \/>\n<link rel=\"canonical\" href=\"https:\/\/salondebellezamonicaperez.com\/en\/bronceado\/\" \/>\n<meta property=\"og:locale\" content=\"en_US\" \/>\n<meta property=\"og:type\" content=\"article\" \/>\n<meta property=\"og:title\" content=\"Bronceado - Sal\u00f3n de Belleza M\u00f3nica P\u00e9rez\" \/>\n<meta property=\"og:description\" content=\"Bronceado Bronceado Rayos Uva Sorisa Los rayos ultravioletas tienen unos efectos beneficiosos sobre nuestro organismo, influyen sobre nuestro estado de \u00e1nimo y en la s\u00edntesis de Vitamina D, a su vez, nos permiten de manera controlada por un profesional, broncear la piel.\u00a0\u00a0En la actualidad la radiaci\u00f3n ultravioleta se utiliza en los servicios de dermatolog\u00eda para [&hellip;]\" \/>\n<meta property=\"og:url\" content=\"https:\/\/salondebellezamonicaperez.com\/en\/bronceado\/\" \/>\n<meta property=\"og:site_name\" content=\"Sal\u00f3n de Belleza M\u00f3nica P\u00e9rez\" \/>\n<meta property=\"article:modified_time\" content=\"2024-11-26T11:20:42+00:00\" \/>\n<meta property=\"og:image\" content=\"https:\/\/salondebellezamonicaperez.com\/wp-content\/uploads\/2024\/10\/cabina-de-bronceados.jpg\" \/>\n\t<meta property=\"og:image:width\" content=\"1024\" \/>\n\t<meta property=\"og:image:height\" content=\"1024\" \/>\n\t<meta property=\"og:image:type\" content=\"image\/jpeg\" \/>\n<meta name=\"twitter:card\" content=\"summary_large_image\" \/>\n<meta name=\"twitter:label1\" content=\"Est. reading time\" \/>\n\t<meta name=\"twitter:data1\" content=\"1 minute\" \/>\n<script type=\"application\/ld+json\" class=\"yoast-schema-graph\">{\"@context\":\"https:\\\/\\\/schema.org\",\"@graph\":[{\"@type\":\"WebPage\",\"@id\":\"https:\\\/\\\/salondebellezamonicaperez.com\\\/bronceado\\\/\",\"url\":\"https:\\\/\\\/salondebellezamonicaperez.com\\\/bronceado\\\/\",\"name\":\"Bronceado - Sal\u00f3n de Belleza M\u00f3nica P\u00e9rez\",\"isPartOf\":{\"@id\":\"https:\\\/\\\/salondebellezamonicaperez.com\\\/#website\"},\"primaryImageOfPage\":{\"@id\":\"https:\\\/\\\/salondebellezamonicaperez.com\\\/bronceado\\\/#primaryimage\"},\"image\":{\"@id\":\"https:\\\/\\\/salondebellezamonicaperez.com\\\/bronceado\\\/#primaryimage\"},\"thumbnailUrl\":\"https:\\\/\\\/salondebellezamonicaperez.com\\\/wp-content\\\/uploads\\\/2024\\\/10\\\/cabina-de-bronceados.jpg\",\"datePublished\":\"2024-10-25T10:34:57+00:00\",\"dateModified\":\"2024-11-26T11:20:42+00:00\",\"breadcrumb\":{\"@id\":\"https:\\\/\\\/salondebellezamonicaperez.com\\\/bronceado\\\/#breadcrumb\"},\"inLanguage\":\"en-US\",\"potentialAction\":[{\"@type\":\"ReadAction\",\"target\":[\"https:\\\/\\\/salondebellezamonicaperez.com\\\/bronceado\\\/\"]}]},{\"@type\":\"ImageObject\",\"inLanguage\":\"en-US\",\"@id\":\"https:\\\/\\\/salondebellezamonicaperez.com\\\/bronceado\\\/#primaryimage\",\"url\":\"https:\\\/\\\/salondebellezamonicaperez.com\\\/wp-content\\\/uploads\\\/2024\\\/10\\\/cabina-de-bronceados.jpg\",\"contentUrl\":\"https:\\\/\\\/salondebellezamonicaperez.com\\\/wp-content\\\/uploads\\\/2024\\\/10\\\/cabina-de-bronceados.jpg\"},{\"@type\":\"BreadcrumbList\",\"@id\":\"https:\\\/\\\/salondebellezamonicaperez.com\\\/bronceado\\\/#breadcrumb\",\"itemListElement\":[{\"@type\":\"ListItem\",\"position\":1,\"name\":\"Portada\",\"item\":\"https:\\\/\\\/salondebellezamonicaperez.com\\\/\"},{\"@type\":\"ListItem\",\"position\":2,\"name\":\"Bronceado\"}]},{\"@type\":\"WebSite\",\"@id\":\"https:\\\/\\\/salondebellezamonicaperez.com\\\/#website\",\"url\":\"https:\\\/\\\/salondebellezamonicaperez.com\\\/\",\"name\":\"Sal\u00f3n de Belleza M\u00f3nica P\u00e9rez\",\"description\":\"Centro de Belleza &amp; Est\u00e9tica\",\"publisher\":{\"@id\":\"https:\\\/\\\/salondebellezamonicaperez.com\\\/#organization\"},\"potentialAction\":[{\"@type\":\"SearchAction\",\"target\":{\"@type\":\"EntryPoint\",\"urlTemplate\":\"https:\\\/\\\/salondebellezamonicaperez.com\\\/?s={search_term_string}\"},\"query-input\":{\"@type\":\"PropertyValueSpecification\",\"valueRequired\":true,\"valueName\":\"search_term_string\"}}],\"inLanguage\":\"en-US\"},{\"@type\":\"Organization\",\"@id\":\"https:\\\/\\\/salondebellezamonicaperez.com\\\/#organization\",\"name\":\"Sal\u00f3n de Belleza M\u00f3nica P\u00e9rez\",\"url\":\"https:\\\/\\\/salondebellezamonicaperez.com\\\/\",\"logo\":{\"@type\":\"ImageObject\",\"inLanguage\":\"en-US\",\"@id\":\"https:\\\/\\\/salondebellezamonicaperez.com\\\/#\\\/schema\\\/logo\\\/image\\\/\",\"url\":\"https:\\\/\\\/salondebellezamonicaperez.com\\\/wp-content\\\/uploads\\\/2024\\\/10\\\/logo.svg\",\"contentUrl\":\"https:\\\/\\\/salondebellezamonicaperez.com\\\/wp-content\\\/uploads\\\/2024\\\/10\\\/logo.svg\",\"caption\":\"Sal\u00f3n de Belleza M\u00f3nica P\u00e9rez\"},\"image\":{\"@id\":\"https:\\\/\\\/salondebellezamonicaperez.com\\\/#\\\/schema\\\/logo\\\/image\\\/\"}}]}<\/script>\n<!-- \/ Yoast SEO plugin. -->","yoast_head_json":{"title":"Bronceado - Sal\u00f3n de Belleza M\u00f3nica P\u00e9rez","robots":{"index":"index","follow":"follow","max-snippet":"max-snippet:-1","max-image-preview":"max-image-preview:large","max-video-preview":"max-video-preview:-1"},"canonical":"https:\/\/salondebellezamonicaperez.com\/en\/bronceado\/","og_locale":"en_US","og_type":"article","og_title":"Bronceado - Sal\u00f3n de Belleza M\u00f3nica P\u00e9rez","og_description":"Bronceado Bronceado Rayos Uva Sorisa Los rayos ultravioletas tienen unos efectos beneficiosos sobre nuestro organismo, influyen sobre nuestro estado de \u00e1nimo y en la s\u00edntesis de Vitamina D, a su vez, nos permiten de manera controlada por un profesional, broncear la piel.\u00a0\u00a0En la actualidad la radiaci\u00f3n ultravioleta se utiliza en los servicios de dermatolog\u00eda para [&hellip;]","og_url":"https:\/\/salondebellezamonicaperez.com\/en\/bronceado\/","og_site_name":"Sal\u00f3n de Belleza M\u00f3nica P\u00e9rez","article_modified_time":"2024-11-26T11:20:42+00:00","og_image":[{"width":1024,"height":1024,"url":"https:\/\/salondebellezamonicaperez.com\/wp-content\/uploads\/2024\/10\/cabina-de-bronceados.jpg","type":"image\/jpeg"}],"twitter_card":"summary_large_image","twitter_misc":{"Est. reading time":"1 minute"},"schema":{"@context":"https:\/\/schema.org","@graph":[{"@type":"WebPage","@id":"https:\/\/salondebellezamonicaperez.com\/bronceado\/","url":"https:\/\/salondebellezamonicaperez.com\/bronceado\/","name":"Bronceado - Sal\u00f3n de Belleza M\u00f3nica P\u00e9rez","isPartOf":{"@id":"https:\/\/salondebellezamonicaperez.com\/#website"},"primaryImageOfPage":{"@id":"https:\/\/salondebellezamonicaperez.com\/bronceado\/#primaryimage"},"image":{"@id":"https:\/\/salondebellezamonicaperez.com\/bronceado\/#primaryimage"},"thumbnailUrl":"https:\/\/salondebellezamonicaperez.com\/wp-content\/uploads\/2024\/10\/cabina-de-bronceados.jpg","datePublished":"2024-10-25T10:34:57+00:00","dateModified":"2024-11-26T11:20:42+00:00","breadcrumb":{"@id":"https:\/\/salondebellezamonicaperez.com\/bronceado\/#breadcrumb"},"inLanguage":"en-US","potentialAction":[{"@type":"ReadAction","target":["https:\/\/salondebellezamonicaperez.com\/bronceado\/"]}]},{"@type":"ImageObject","inLanguage":"en-US","@id":"https:\/\/salondebellezamonicaperez.com\/bronceado\/#primaryimage","url":"https:\/\/salondebellezamonicaperez.com\/wp-content\/uploads\/2024\/10\/cabina-de-bronceados.jpg","contentUrl":"https:\/\/salondebellezamonicaperez.com\/wp-content\/uploads\/2024\/10\/cabina-de-bronceados.jpg"},{"@type":"BreadcrumbList","@id":"https:\/\/salondebellezamonicaperez.com\/bronceado\/#breadcrumb","itemListElement":[{"@type":"ListItem","position":1,"name":"Portada","item":"https:\/\/salondebellezamonicaperez.com\/"},{"@type":"ListItem","position":2,"name":"Bronceado"}]},{"@type":"WebSite","@id":"https:\/\/salondebellezamonicaperez.com\/#website","url":"https:\/\/salondebellezamonicaperez.com\/","name":"Sal\u00f3n de Belleza M\u00f3nica P\u00e9rez","description":"Centro de Belleza &amp; Est\u00e9tica","publisher":{"@id":"https:\/\/salondebellezamonicaperez.com\/#organization"},"potentialAction":[{"@type":"SearchAction","target":{"@type":"EntryPoint","urlTemplate":"https:\/\/salondebellezamonicaperez.com\/?s={search_term_string}"},"query-input":{"@type":"PropertyValueSpecification","valueRequired":true,"valueName":"search_term_string"}}],"inLanguage":"en-US"},{"@type":"Organization","@id":"https:\/\/salondebellezamonicaperez.com\/#organization","name":"Sal\u00f3n de Belleza M\u00f3nica P\u00e9rez","url":"https:\/\/salondebellezamonicaperez.com\/","logo":{"@type":"ImageObject","inLanguage":"en-US","@id":"https:\/\/salondebellezamonicaperez.com\/#\/schema\/logo\/image\/","url":"https:\/\/salondebellezamonicaperez.com\/wp-content\/uploads\/2024\/10\/logo.svg","contentUrl":"https:\/\/salondebellezamonicaperez.com\/wp-content\/uploads\/2024\/10\/logo.svg","caption":"Sal\u00f3n de Belleza M\u00f3nica P\u00e9rez"},"image":{"@id":"https:\/\/salondebellezamonicaperez.com\/#\/schema\/logo\/image\/"}}]}},"_links":{"self":[{"href":"https:\/\/salondebellezamonicaperez.com\/en\/wp-json\/wp\/v2\/pages\/221","targetHints":{"allow":["GET"]}}],"collection":[{"href":"https:\/\/salondebellezamonicaperez.com\/en\/wp-json\/wp\/v2\/pages"}],"about":[{"href":"https:\/\/salondebellezamonicaperez.com\/en\/wp-json\/wp\/v2\/types\/page"}],"author":[{"embeddable":true,"href":"https:\/\/salondebellezamonicaperez.com\/en\/wp-json\/wp\/v2\/users\/1"}],"replies":[{"embeddable":true,"href":"https:\/\/salondebellezamonicaperez.com\/en\/wp-json\/wp\/v2\/comments?post=221"}],"version-history":[{"count":19,"href":"https:\/\/salondebellezamonicaperez.com\/en\/wp-json\/wp\/v2\/pages\/221\/revisions"}],"predecessor-version":[{"id":448,"href":"https:\/\/salondebellezamonicaperez.com\/en\/wp-json\/wp\/v2\/pages\/221\/revisions\/448"}],"wp:attachment":[{"href":"https:\/\/salondebellezamonicaperez.com\/en\/wp-json\/wp\/v2\/media?parent=221"}],"curies":[{"name":"wp","href":"https:\/\/api.w.org\/{rel}","templated":true}]}}