{"id":238,"date":"2024-10-25T11:31:54","date_gmt":"2024-10-25T11:31:54","guid":{"rendered":"https:\/\/salondebellezamonicaperez.com\/?page_id=238"},"modified":"2024-11-26T11:19:17","modified_gmt":"2024-11-26T11:19:17","slug":"te-casas","status":"publish","type":"page","link":"https:\/\/salondebellezamonicaperez.com\/en\/te-casas\/","title":{"rendered":"You marry"},"content":{"rendered":"<div data-elementor-type=\"wp-page\" data-elementor-id=\"238\" class=\"elementor elementor-238\" data-elementor-post-type=\"page\">\n\t\t\t\t<div class=\"elementor-element elementor-element-5e85c77 e-con-full e-flex elementor-invisible e-con e-parent\" data-id=\"5e85c77\" data-element_type=\"container\" data-e-type=\"container\" data-settings=\"{&quot;animation&quot;:&quot;fadeIn&quot;}\">\n\t\t\t\t<\/div>\n\t\t<div class=\"elementor-element elementor-element-ca75d29 e-flex e-con-boxed elementor-invisible e-con e-parent\" data-id=\"ca75d29\" data-element_type=\"container\" data-e-type=\"container\" data-settings=\"{&quot;animation&quot;:&quot;fadeIn&quot;}\">\n\t\t\t\t\t<div class=\"e-con-inner\">\n\t\t\t\t<div class=\"elementor-element elementor-element-7a1033c elementor-widget elementor-widget-heading\" data-id=\"7a1033c\" data-element_type=\"widget\" data-e-type=\"widget\" data-widget_type=\"heading.default\">\n\t\t\t\t<div class=\"elementor-widget-container\">\n\t\t\t\t\t<h2 class=\"elementor-heading-title elementor-size-default\">You marry<\/h2>\t\t\t\t<\/div>\n\t\t\t\t<\/div>\n\t\t\t\t<div class=\"elementor-element elementor-element-e214f58 elementor-widget elementor-widget-heading\" data-id=\"e214f58\" data-element_type=\"widget\" data-e-type=\"widget\" data-widget_type=\"heading.default\">\n\t\t\t\t<div class=\"elementor-widget-container\">\n\t\t\t\t\t<h1 class=\"elementor-heading-title elementor-size-default\">Makeup services for grooms and brides<\/h1>\t\t\t\t<\/div>\n\t\t\t\t<\/div>\n\t\t\t\t\t<\/div>\n\t\t\t\t<\/div>\n\t\t<div class=\"elementor-element elementor-element-fdb622f e-flex e-con-boxed e-con e-parent\" data-id=\"fdb622f\" data-element_type=\"container\" data-e-type=\"container\">\n\t\t\t\t\t<div class=\"e-con-inner\">\n\t\t<div class=\"elementor-element elementor-element-a005a7b e-con-full e-flex elementor-invisible e-con e-child\" data-id=\"a005a7b\" data-element_type=\"container\" data-e-type=\"container\" data-settings=\"{&quot;animation&quot;:&quot;fadeInLeft&quot;}\">\n\t\t\t\t<div class=\"elementor-element elementor-element-33413c3 elementor-widget elementor-widget-text-editor\" data-id=\"33413c3\" data-element_type=\"widget\" data-e-type=\"widget\" data-widget_type=\"text-editor.default\">\n\t\t\t\t<div class=\"elementor-widget-container\">\n\t\t\t\t\t\t\t\t\t<div>At M\u00f3nica P\u00e9rez's beauty salon, we have stylists specialized in makeup for BRIDES, preparation for GROOMS, GODMOTHERS and BRIDESMAIDS, because it is a very special day.<br \/><br \/><\/div><h3><span style=\"text-decoration: underline;\"><strong>BRIDES<\/strong><\/span><\/h3><div>To find out the bride's wishes and see what best suits her style and the dress she will wear on her wedding day, we carry out up to X tests in our makeup facilities, where we will find her style.<br \/><br \/><\/div><div><em>*On the day of the wedding, we travel to the bride's home to ensure that everything is perfect.<\/em><\/div><h3><span style=\"text-decoration: underline;\"><strong><br \/>A COUPLE<\/strong><\/span><\/h3><div>The GROOM also wants to look perfect on such a special day. We offer makeup tailored for them.<\/div><div>*Ask us about specific treatments we have for one of the most important days of your life.<\/div><div>\u00a0<\/div><div><em>Check out promotions at the center or by contacting us<\/em><\/div>\t\t\t\t\t\t\t\t<\/div>\n\t\t\t\t<\/div>\n\t\t\t\t<\/div>\n\t\t<div class=\"elementor-element elementor-element-59104c0 e-con-full e-flex elementor-invisible e-con e-child\" data-id=\"59104c0\" data-element_type=\"container\" data-e-type=\"container\" data-settings=\"{&quot;animation&quot;:&quot;fadeInRight&quot;}\">\n\t\t\t\t<div class=\"elementor-element elementor-element-3b3ea23 elementor-widget elementor-widget-image\" data-id=\"3b3ea23\" data-element_type=\"widget\" data-e-type=\"widget\" data-widget_type=\"image.default\">\n\t\t\t\t<div class=\"elementor-widget-container\">\n\t\t\t\t\t\t\t\t\t\t\t\t\t\t\t<img fetchpriority=\"high\" decoding=\"async\" width=\"1166\" height=\"1166\" src=\"https:\/\/salondebellezamonicaperez.com\/wp-content\/uploads\/2024\/10\/bodas_.jpeg\" class=\"attachment-full size-full wp-image-337\" alt=\"\" srcset=\"https:\/\/salondebellezamonicaperez.com\/wp-content\/uploads\/2024\/10\/bodas_.jpeg 1166w, https:\/\/salondebellezamonicaperez.com\/wp-content\/uploads\/2024\/10\/bodas_-300x300.jpeg 300w, https:\/\/salondebellezamonicaperez.com\/wp-content\/uploads\/2024\/10\/bodas_-1024x1024.jpeg 1024w, https:\/\/salondebellezamonicaperez.com\/wp-content\/uploads\/2024\/10\/bodas_-150x150.jpeg 150w, https:\/\/salondebellezamonicaperez.com\/wp-content\/uploads\/2024\/10\/bodas_-768x768.jpeg 768w\" sizes=\"(max-width: 1166px) 100vw, 1166px\" \/>\t\t\t\t\t\t\t\t\t\t\t\t\t\t\t<\/div>\n\t\t\t\t<\/div>\n\t\t\t\t<\/div>\n\t\t\t\t\t<\/div>\n\t\t\t\t<\/div>\n\t\t\t\t<\/div>","protected":false},"excerpt":{"rendered":"<p>Te casas Servicios de maquillaje para Novios y Novias En el sal\u00f3n de belleza de M\u00f3nica P\u00e9rez,tenemos estilistas especializados en el maquillaje de NOVIAS, preparaci\u00f3n de NOVIOS, MADRINAS y DAMAS DE HONOR, porque se trata de un d\u00eda muy especial. NOVIAS Para conocer los deseos de la novia y ver lo que m\u00e1s le favorece [&hellip;]<\/p>\n","protected":false},"author":1,"featured_media":0,"parent":0,"menu_order":0,"comment_status":"closed","ping_status":"closed","template":"","meta":{"inline_featured_image":false,"footnotes":""},"class_list":["post-238","page","type-page","status-publish","hentry"],"yoast_head":"<!-- This site is optimized with the Yoast SEO plugin v27.5 - https:\/\/yoast.com\/product\/yoast-seo-wordpress\/ -->\n<title>Te casas - Sal\u00f3n de Belleza M\u00f3nica P\u00e9rez<\/title>\n<meta name=\"robots\" content=\"index, follow, max-snippet:-1, max-image-preview:large, max-video-preview:-1\" \/>\n<link rel=\"canonical\" href=\"https:\/\/salondebellezamonicaperez.com\/en\/te-casas\/\" \/>\n<meta property=\"og:locale\" content=\"en_US\" \/>\n<meta property=\"og:type\" content=\"article\" \/>\n<meta property=\"og:title\" content=\"Te casas - Sal\u00f3n de Belleza M\u00f3nica P\u00e9rez\" \/>\n<meta property=\"og:description\" content=\"Te casas Servicios de maquillaje para Novios y Novias En el sal\u00f3n de belleza de M\u00f3nica P\u00e9rez,tenemos estilistas especializados en el maquillaje de NOVIAS, preparaci\u00f3n de NOVIOS, MADRINAS y DAMAS DE HONOR, porque se trata de un d\u00eda muy especial. NOVIAS Para conocer los deseos de la novia y ver lo que m\u00e1s le favorece [&hellip;]\" \/>\n<meta property=\"og:url\" content=\"https:\/\/salondebellezamonicaperez.com\/en\/te-casas\/\" \/>\n<meta property=\"og:site_name\" content=\"Sal\u00f3n de Belleza M\u00f3nica P\u00e9rez\" \/>\n<meta property=\"article:modified_time\" content=\"2024-11-26T11:19:17+00:00\" \/>\n<meta property=\"og:image\" content=\"https:\/\/salondebellezamonicaperez.com\/wp-content\/uploads\/2024\/10\/bodas_.jpeg\" \/>\n\t<meta property=\"og:image:width\" content=\"1166\" \/>\n\t<meta property=\"og:image:height\" content=\"1166\" \/>\n\t<meta property=\"og:image:type\" content=\"image\/jpeg\" \/>\n<meta name=\"twitter:card\" content=\"summary_large_image\" \/>\n<meta name=\"twitter:label1\" content=\"Est. reading time\" \/>\n\t<meta name=\"twitter:data1\" content=\"1 minute\" \/>\n<script type=\"application\/ld+json\" class=\"yoast-schema-graph\">{\"@context\":\"https:\\\/\\\/schema.org\",\"@graph\":[{\"@type\":\"WebPage\",\"@id\":\"https:\\\/\\\/salondebellezamonicaperez.com\\\/te-casas\\\/\",\"url\":\"https:\\\/\\\/salondebellezamonicaperez.com\\\/te-casas\\\/\",\"name\":\"Te casas - Sal\u00f3n de Belleza M\u00f3nica P\u00e9rez\",\"isPartOf\":{\"@id\":\"https:\\\/\\\/salondebellezamonicaperez.com\\\/#website\"},\"primaryImageOfPage\":{\"@id\":\"https:\\\/\\\/salondebellezamonicaperez.com\\\/te-casas\\\/#primaryimage\"},\"image\":{\"@id\":\"https:\\\/\\\/salondebellezamonicaperez.com\\\/te-casas\\\/#primaryimage\"},\"thumbnailUrl\":\"https:\\\/\\\/salondebellezamonicaperez.com\\\/wp-content\\\/uploads\\\/2024\\\/10\\\/bodas_.jpeg\",\"datePublished\":\"2024-10-25T11:31:54+00:00\",\"dateModified\":\"2024-11-26T11:19:17+00:00\",\"breadcrumb\":{\"@id\":\"https:\\\/\\\/salondebellezamonicaperez.com\\\/te-casas\\\/#breadcrumb\"},\"inLanguage\":\"en-US\",\"potentialAction\":[{\"@type\":\"ReadAction\",\"target\":[\"https:\\\/\\\/salondebellezamonicaperez.com\\\/te-casas\\\/\"]}]},{\"@type\":\"ImageObject\",\"inLanguage\":\"en-US\",\"@id\":\"https:\\\/\\\/salondebellezamonicaperez.com\\\/te-casas\\\/#primaryimage\",\"url\":\"https:\\\/\\\/salondebellezamonicaperez.com\\\/wp-content\\\/uploads\\\/2024\\\/10\\\/bodas_.jpeg\",\"contentUrl\":\"https:\\\/\\\/salondebellezamonicaperez.com\\\/wp-content\\\/uploads\\\/2024\\\/10\\\/bodas_.jpeg\"},{\"@type\":\"BreadcrumbList\",\"@id\":\"https:\\\/\\\/salondebellezamonicaperez.com\\\/te-casas\\\/#breadcrumb\",\"itemListElement\":[{\"@type\":\"ListItem\",\"position\":1,\"name\":\"Portada\",\"item\":\"https:\\\/\\\/salondebellezamonicaperez.com\\\/\"},{\"@type\":\"ListItem\",\"position\":2,\"name\":\"Te casas\"}]},{\"@type\":\"WebSite\",\"@id\":\"https:\\\/\\\/salondebellezamonicaperez.com\\\/#website\",\"url\":\"https:\\\/\\\/salondebellezamonicaperez.com\\\/\",\"name\":\"Sal\u00f3n de Belleza M\u00f3nica P\u00e9rez\",\"description\":\"Centro de Belleza &amp; Est\u00e9tica\",\"publisher\":{\"@id\":\"https:\\\/\\\/salondebellezamonicaperez.com\\\/#organization\"},\"potentialAction\":[{\"@type\":\"SearchAction\",\"target\":{\"@type\":\"EntryPoint\",\"urlTemplate\":\"https:\\\/\\\/salondebellezamonicaperez.com\\\/?s={search_term_string}\"},\"query-input\":{\"@type\":\"PropertyValueSpecification\",\"valueRequired\":true,\"valueName\":\"search_term_string\"}}],\"inLanguage\":\"en-US\"},{\"@type\":\"Organization\",\"@id\":\"https:\\\/\\\/salondebellezamonicaperez.com\\\/#organization\",\"name\":\"Sal\u00f3n de Belleza M\u00f3nica P\u00e9rez\",\"url\":\"https:\\\/\\\/salondebellezamonicaperez.com\\\/\",\"logo\":{\"@type\":\"ImageObject\",\"inLanguage\":\"en-US\",\"@id\":\"https:\\\/\\\/salondebellezamonicaperez.com\\\/#\\\/schema\\\/logo\\\/image\\\/\",\"url\":\"https:\\\/\\\/salondebellezamonicaperez.com\\\/wp-content\\\/uploads\\\/2024\\\/10\\\/logo.svg\",\"contentUrl\":\"https:\\\/\\\/salondebellezamonicaperez.com\\\/wp-content\\\/uploads\\\/2024\\\/10\\\/logo.svg\",\"caption\":\"Sal\u00f3n de Belleza M\u00f3nica P\u00e9rez\"},\"image\":{\"@id\":\"https:\\\/\\\/salondebellezamonicaperez.com\\\/#\\\/schema\\\/logo\\\/image\\\/\"}}]}<\/script>\n<!-- \/ Yoast SEO plugin. -->","yoast_head_json":{"title":"Te casas - Sal\u00f3n de Belleza M\u00f3nica P\u00e9rez","robots":{"index":"index","follow":"follow","max-snippet":"max-snippet:-1","max-image-preview":"max-image-preview:large","max-video-preview":"max-video-preview:-1"},"canonical":"https:\/\/salondebellezamonicaperez.com\/en\/te-casas\/","og_locale":"en_US","og_type":"article","og_title":"Te casas - Sal\u00f3n de Belleza M\u00f3nica P\u00e9rez","og_description":"Te casas Servicios de maquillaje para Novios y Novias En el sal\u00f3n de belleza de M\u00f3nica P\u00e9rez,tenemos estilistas especializados en el maquillaje de NOVIAS, preparaci\u00f3n de NOVIOS, MADRINAS y DAMAS DE HONOR, porque se trata de un d\u00eda muy especial. NOVIAS Para conocer los deseos de la novia y ver lo que m\u00e1s le favorece [&hellip;]","og_url":"https:\/\/salondebellezamonicaperez.com\/en\/te-casas\/","og_site_name":"Sal\u00f3n de Belleza M\u00f3nica P\u00e9rez","article_modified_time":"2024-11-26T11:19:17+00:00","og_image":[{"width":1166,"height":1166,"url":"https:\/\/salondebellezamonicaperez.com\/wp-content\/uploads\/2024\/10\/bodas_.jpeg","type":"image\/jpeg"}],"twitter_card":"summary_large_image","twitter_misc":{"Est. reading time":"1 minute"},"schema":{"@context":"https:\/\/schema.org","@graph":[{"@type":"WebPage","@id":"https:\/\/salondebellezamonicaperez.com\/te-casas\/","url":"https:\/\/salondebellezamonicaperez.com\/te-casas\/","name":"Te casas - Sal\u00f3n de Belleza M\u00f3nica P\u00e9rez","isPartOf":{"@id":"https:\/\/salondebellezamonicaperez.com\/#website"},"primaryImageOfPage":{"@id":"https:\/\/salondebellezamonicaperez.com\/te-casas\/#primaryimage"},"image":{"@id":"https:\/\/salondebellezamonicaperez.com\/te-casas\/#primaryimage"},"thumbnailUrl":"https:\/\/salondebellezamonicaperez.com\/wp-content\/uploads\/2024\/10\/bodas_.jpeg","datePublished":"2024-10-25T11:31:54+00:00","dateModified":"2024-11-26T11:19:17+00:00","breadcrumb":{"@id":"https:\/\/salondebellezamonicaperez.com\/te-casas\/#breadcrumb"},"inLanguage":"en-US","potentialAction":[{"@type":"ReadAction","target":["https:\/\/salondebellezamonicaperez.com\/te-casas\/"]}]},{"@type":"ImageObject","inLanguage":"en-US","@id":"https:\/\/salondebellezamonicaperez.com\/te-casas\/#primaryimage","url":"https:\/\/salondebellezamonicaperez.com\/wp-content\/uploads\/2024\/10\/bodas_.jpeg","contentUrl":"https:\/\/salondebellezamonicaperez.com\/wp-content\/uploads\/2024\/10\/bodas_.jpeg"},{"@type":"BreadcrumbList","@id":"https:\/\/salondebellezamonicaperez.com\/te-casas\/#breadcrumb","itemListElement":[{"@type":"ListItem","position":1,"name":"Portada","item":"https:\/\/salondebellezamonicaperez.com\/"},{"@type":"ListItem","position":2,"name":"Te casas"}]},{"@type":"WebSite","@id":"https:\/\/salondebellezamonicaperez.com\/#website","url":"https:\/\/salondebellezamonicaperez.com\/","name":"Sal\u00f3n de Belleza M\u00f3nica P\u00e9rez","description":"Centro de Belleza &amp; Est\u00e9tica","publisher":{"@id":"https:\/\/salondebellezamonicaperez.com\/#organization"},"potentialAction":[{"@type":"SearchAction","target":{"@type":"EntryPoint","urlTemplate":"https:\/\/salondebellezamonicaperez.com\/?s={search_term_string}"},"query-input":{"@type":"PropertyValueSpecification","valueRequired":true,"valueName":"search_term_string"}}],"inLanguage":"en-US"},{"@type":"Organization","@id":"https:\/\/salondebellezamonicaperez.com\/#organization","name":"Sal\u00f3n de Belleza M\u00f3nica P\u00e9rez","url":"https:\/\/salondebellezamonicaperez.com\/","logo":{"@type":"ImageObject","inLanguage":"en-US","@id":"https:\/\/salondebellezamonicaperez.com\/#\/schema\/logo\/image\/","url":"https:\/\/salondebellezamonicaperez.com\/wp-content\/uploads\/2024\/10\/logo.svg","contentUrl":"https:\/\/salondebellezamonicaperez.com\/wp-content\/uploads\/2024\/10\/logo.svg","caption":"Sal\u00f3n de Belleza M\u00f3nica P\u00e9rez"},"image":{"@id":"https:\/\/salondebellezamonicaperez.com\/#\/schema\/logo\/image\/"}}]}},"_links":{"self":[{"href":"https:\/\/salondebellezamonicaperez.com\/en\/wp-json\/wp\/v2\/pages\/238","targetHints":{"allow":["GET"]}}],"collection":[{"href":"https:\/\/salondebellezamonicaperez.com\/en\/wp-json\/wp\/v2\/pages"}],"about":[{"href":"https:\/\/salondebellezamonicaperez.com\/en\/wp-json\/wp\/v2\/types\/page"}],"author":[{"embeddable":true,"href":"https:\/\/salondebellezamonicaperez.com\/en\/wp-json\/wp\/v2\/users\/1"}],"replies":[{"embeddable":true,"href":"https:\/\/salondebellezamonicaperez.com\/en\/wp-json\/wp\/v2\/comments?post=238"}],"version-history":[{"count":28,"href":"https:\/\/salondebellezamonicaperez.com\/en\/wp-json\/wp\/v2\/pages\/238\/revisions"}],"predecessor-version":[{"id":445,"href":"https:\/\/salondebellezamonicaperez.com\/en\/wp-json\/wp\/v2\/pages\/238\/revisions\/445"}],"wp:attachment":[{"href":"https:\/\/salondebellezamonicaperez.com\/en\/wp-json\/wp\/v2\/media?parent=238"}],"curies":[{"name":"wp","href":"https:\/\/api.w.org\/{rel}","templated":true}]}}