{"id":259,"date":"2024-10-28T08:15:11","date_gmt":"2024-10-28T08:15:11","guid":{"rendered":"https:\/\/salondebellezamonicaperez.com\/?page_id=259"},"modified":"2024-11-28T08:15:17","modified_gmt":"2024-11-28T08:15:17","slug":"ofertas","status":"publish","type":"page","link":"https:\/\/salondebellezamonicaperez.com\/en\/ofertas\/","title":{"rendered":"Ofertas"},"content":{"rendered":"<div data-elementor-type=\"wp-page\" data-elementor-id=\"259\" class=\"elementor elementor-259\" data-elementor-post-type=\"page\">\n\t\t\t\t<div class=\"elementor-element elementor-element-5e85c77 e-con-full e-flex elementor-invisible e-con e-parent\" data-id=\"5e85c77\" data-element_type=\"container\" data-e-type=\"container\" data-settings=\"{&quot;animation&quot;:&quot;fadeIn&quot;}\">\n\t\t\t\t<\/div>\n\t\t<div class=\"elementor-element elementor-element-ca75d29 e-flex e-con-boxed elementor-invisible e-con e-parent\" data-id=\"ca75d29\" data-element_type=\"container\" data-e-type=\"container\" data-settings=\"{&quot;animation&quot;:&quot;fadeIn&quot;}\">\n\t\t\t\t\t<div class=\"e-con-inner\">\n\t\t\t\t<div class=\"elementor-element elementor-element-7a1033c elementor-widget elementor-widget-heading\" data-id=\"7a1033c\" data-element_type=\"widget\" data-e-type=\"widget\" data-widget_type=\"heading.default\">\n\t\t\t\t<div class=\"elementor-widget-container\">\n\t\t\t\t\t<h2 class=\"elementor-heading-title elementor-size-default\">\u00daltimas Promociones<\/h2>\t\t\t\t<\/div>\n\t\t\t\t<\/div>\n\t\t\t\t<div class=\"elementor-element elementor-element-e214f58 elementor-widget elementor-widget-heading\" data-id=\"e214f58\" data-element_type=\"widget\" data-e-type=\"widget\" data-widget_type=\"heading.default\">\n\t\t\t\t<div class=\"elementor-widget-container\">\n\t\t\t\t\t<h1 class=\"elementor-heading-title elementor-size-default\">Beauty salon services for women<\/h1>\t\t\t\t<\/div>\n\t\t\t\t<\/div>\n\t\t\t\t\t<\/div>\n\t\t\t\t<\/div>\n\t\t<div class=\"elementor-element elementor-element-b82da6a e-flex e-con-boxed e-con e-parent\" data-id=\"b82da6a\" data-element_type=\"container\" data-e-type=\"container\">\n\t\t\t\t\t<div class=\"e-con-inner\">\n\t\t\t\t\t<\/div>\n\t\t\t\t<\/div>\n\t\t\t\t<\/div>","protected":false},"excerpt":{"rendered":"<p>\u00daltimas Promociones Servicios de sal\u00f3n de belleza para mujeres<\/p>","protected":false},"author":1,"featured_media":0,"parent":0,"menu_order":0,"comment_status":"closed","ping_status":"closed","template":"","meta":{"inline_featured_image":false,"footnotes":""},"class_list":["post-259","page","type-page","status-publish","hentry"],"yoast_head":"<!-- This site is optimized with the Yoast SEO plugin v27.4 - https:\/\/yoast.com\/product\/yoast-seo-wordpress\/ -->\n<title>Ofertas - Sal\u00f3n de Belleza M\u00f3nica P\u00e9rez<\/title>\n<meta name=\"robots\" content=\"index, follow, max-snippet:-1, max-image-preview:large, max-video-preview:-1\" \/>\n<link rel=\"canonical\" href=\"https:\/\/salondebellezamonicaperez.com\/en\/ofertas\/\" \/>\n<meta property=\"og:locale\" content=\"en_US\" \/>\n<meta property=\"og:type\" content=\"article\" \/>\n<meta property=\"og:title\" content=\"Ofertas - Sal\u00f3n de Belleza M\u00f3nica P\u00e9rez\" \/>\n<meta property=\"og:description\" content=\"\u00daltimas Promociones Servicios de sal\u00f3n de belleza para mujeres\" \/>\n<meta property=\"og:url\" content=\"https:\/\/salondebellezamonicaperez.com\/en\/ofertas\/\" \/>\n<meta property=\"og:site_name\" content=\"Sal\u00f3n de Belleza M\u00f3nica P\u00e9rez\" \/>\n<meta property=\"article:modified_time\" content=\"2024-11-28T08:15:17+00:00\" \/>\n<meta name=\"twitter:card\" content=\"summary_large_image\" \/>\n<meta name=\"twitter:label1\" content=\"Est. reading time\" \/>\n\t<meta name=\"twitter:data1\" content=\"1 minute\" \/>\n<script type=\"application\/ld+json\" class=\"yoast-schema-graph\">{\"@context\":\"https:\\\/\\\/schema.org\",\"@graph\":[{\"@type\":\"WebPage\",\"@id\":\"https:\\\/\\\/salondebellezamonicaperez.com\\\/ofertas\\\/\",\"url\":\"https:\\\/\\\/salondebellezamonicaperez.com\\\/ofertas\\\/\",\"name\":\"Ofertas - Sal\u00f3n de Belleza M\u00f3nica P\u00e9rez\",\"isPartOf\":{\"@id\":\"https:\\\/\\\/salondebellezamonicaperez.com\\\/#website\"},\"datePublished\":\"2024-10-28T08:15:11+00:00\",\"dateModified\":\"2024-11-28T08:15:17+00:00\",\"breadcrumb\":{\"@id\":\"https:\\\/\\\/salondebellezamonicaperez.com\\\/ofertas\\\/#breadcrumb\"},\"inLanguage\":\"en-US\",\"potentialAction\":[{\"@type\":\"ReadAction\",\"target\":[\"https:\\\/\\\/salondebellezamonicaperez.com\\\/ofertas\\\/\"]}]},{\"@type\":\"BreadcrumbList\",\"@id\":\"https:\\\/\\\/salondebellezamonicaperez.com\\\/ofertas\\\/#breadcrumb\",\"itemListElement\":[{\"@type\":\"ListItem\",\"position\":1,\"name\":\"Portada\",\"item\":\"https:\\\/\\\/salondebellezamonicaperez.com\\\/\"},{\"@type\":\"ListItem\",\"position\":2,\"name\":\"Ofertas\"}]},{\"@type\":\"WebSite\",\"@id\":\"https:\\\/\\\/salondebellezamonicaperez.com\\\/#website\",\"url\":\"https:\\\/\\\/salondebellezamonicaperez.com\\\/\",\"name\":\"Sal\u00f3n de Belleza M\u00f3nica P\u00e9rez\",\"description\":\"Centro de Belleza &amp; Est\u00e9tica\",\"publisher\":{\"@id\":\"https:\\\/\\\/salondebellezamonicaperez.com\\\/#organization\"},\"potentialAction\":[{\"@type\":\"SearchAction\",\"target\":{\"@type\":\"EntryPoint\",\"urlTemplate\":\"https:\\\/\\\/salondebellezamonicaperez.com\\\/?s={search_term_string}\"},\"query-input\":{\"@type\":\"PropertyValueSpecification\",\"valueRequired\":true,\"valueName\":\"search_term_string\"}}],\"inLanguage\":\"en-US\"},{\"@type\":\"Organization\",\"@id\":\"https:\\\/\\\/salondebellezamonicaperez.com\\\/#organization\",\"name\":\"Sal\u00f3n de Belleza M\u00f3nica P\u00e9rez\",\"url\":\"https:\\\/\\\/salondebellezamonicaperez.com\\\/\",\"logo\":{\"@type\":\"ImageObject\",\"inLanguage\":\"en-US\",\"@id\":\"https:\\\/\\\/salondebellezamonicaperez.com\\\/#\\\/schema\\\/logo\\\/image\\\/\",\"url\":\"https:\\\/\\\/salondebellezamonicaperez.com\\\/wp-content\\\/uploads\\\/2024\\\/10\\\/logo.svg\",\"contentUrl\":\"https:\\\/\\\/salondebellezamonicaperez.com\\\/wp-content\\\/uploads\\\/2024\\\/10\\\/logo.svg\",\"caption\":\"Sal\u00f3n de Belleza M\u00f3nica P\u00e9rez\"},\"image\":{\"@id\":\"https:\\\/\\\/salondebellezamonicaperez.com\\\/#\\\/schema\\\/logo\\\/image\\\/\"}}]}<\/script>\n<!-- \/ Yoast SEO plugin. -->","yoast_head_json":{"title":"Ofertas - Sal\u00f3n de Belleza M\u00f3nica P\u00e9rez","robots":{"index":"index","follow":"follow","max-snippet":"max-snippet:-1","max-image-preview":"max-image-preview:large","max-video-preview":"max-video-preview:-1"},"canonical":"https:\/\/salondebellezamonicaperez.com\/en\/ofertas\/","og_locale":"en_US","og_type":"article","og_title":"Ofertas - Sal\u00f3n de Belleza M\u00f3nica P\u00e9rez","og_description":"\u00daltimas Promociones Servicios de sal\u00f3n de belleza para mujeres","og_url":"https:\/\/salondebellezamonicaperez.com\/en\/ofertas\/","og_site_name":"Sal\u00f3n de Belleza M\u00f3nica P\u00e9rez","article_modified_time":"2024-11-28T08:15:17+00:00","twitter_card":"summary_large_image","twitter_misc":{"Est. reading time":"1 minute"},"schema":{"@context":"https:\/\/schema.org","@graph":[{"@type":"WebPage","@id":"https:\/\/salondebellezamonicaperez.com\/ofertas\/","url":"https:\/\/salondebellezamonicaperez.com\/ofertas\/","name":"Ofertas - Sal\u00f3n de Belleza M\u00f3nica P\u00e9rez","isPartOf":{"@id":"https:\/\/salondebellezamonicaperez.com\/#website"},"datePublished":"2024-10-28T08:15:11+00:00","dateModified":"2024-11-28T08:15:17+00:00","breadcrumb":{"@id":"https:\/\/salondebellezamonicaperez.com\/ofertas\/#breadcrumb"},"inLanguage":"en-US","potentialAction":[{"@type":"ReadAction","target":["https:\/\/salondebellezamonicaperez.com\/ofertas\/"]}]},{"@type":"BreadcrumbList","@id":"https:\/\/salondebellezamonicaperez.com\/ofertas\/#breadcrumb","itemListElement":[{"@type":"ListItem","position":1,"name":"Portada","item":"https:\/\/salondebellezamonicaperez.com\/"},{"@type":"ListItem","position":2,"name":"Ofertas"}]},{"@type":"WebSite","@id":"https:\/\/salondebellezamonicaperez.com\/#website","url":"https:\/\/salondebellezamonicaperez.com\/","name":"Sal\u00f3n de Belleza M\u00f3nica P\u00e9rez","description":"Centro de Belleza &amp; Est\u00e9tica","publisher":{"@id":"https:\/\/salondebellezamonicaperez.com\/#organization"},"potentialAction":[{"@type":"SearchAction","target":{"@type":"EntryPoint","urlTemplate":"https:\/\/salondebellezamonicaperez.com\/?s={search_term_string}"},"query-input":{"@type":"PropertyValueSpecification","valueRequired":true,"valueName":"search_term_string"}}],"inLanguage":"en-US"},{"@type":"Organization","@id":"https:\/\/salondebellezamonicaperez.com\/#organization","name":"Sal\u00f3n de Belleza M\u00f3nica P\u00e9rez","url":"https:\/\/salondebellezamonicaperez.com\/","logo":{"@type":"ImageObject","inLanguage":"en-US","@id":"https:\/\/salondebellezamonicaperez.com\/#\/schema\/logo\/image\/","url":"https:\/\/salondebellezamonicaperez.com\/wp-content\/uploads\/2024\/10\/logo.svg","contentUrl":"https:\/\/salondebellezamonicaperez.com\/wp-content\/uploads\/2024\/10\/logo.svg","caption":"Sal\u00f3n de Belleza M\u00f3nica P\u00e9rez"},"image":{"@id":"https:\/\/salondebellezamonicaperez.com\/#\/schema\/logo\/image\/"}}]}},"_links":{"self":[{"href":"https:\/\/salondebellezamonicaperez.com\/en\/wp-json\/wp\/v2\/pages\/259","targetHints":{"allow":["GET"]}}],"collection":[{"href":"https:\/\/salondebellezamonicaperez.com\/en\/wp-json\/wp\/v2\/pages"}],"about":[{"href":"https:\/\/salondebellezamonicaperez.com\/en\/wp-json\/wp\/v2\/types\/page"}],"author":[{"embeddable":true,"href":"https:\/\/salondebellezamonicaperez.com\/en\/wp-json\/wp\/v2\/users\/1"}],"replies":[{"embeddable":true,"href":"https:\/\/salondebellezamonicaperez.com\/en\/wp-json\/wp\/v2\/comments?post=259"}],"version-history":[{"count":22,"href":"https:\/\/salondebellezamonicaperez.com\/en\/wp-json\/wp\/v2\/pages\/259\/revisions"}],"predecessor-version":[{"id":490,"href":"https:\/\/salondebellezamonicaperez.com\/en\/wp-json\/wp\/v2\/pages\/259\/revisions\/490"}],"wp:attachment":[{"href":"https:\/\/salondebellezamonicaperez.com\/en\/wp-json\/wp\/v2\/media?parent=259"}],"curies":[{"name":"wp","href":"https:\/\/api.w.org\/{rel}","templated":true}]}}