{"id":277,"date":"2024-10-28T11:29:11","date_gmt":"2024-10-28T11:29:11","guid":{"rendered":"https:\/\/salondebellezamonicaperez.com\/?page_id=277"},"modified":"2024-11-18T08:54:36","modified_gmt":"2024-11-18T08:54:36","slug":"contacto","status":"publish","type":"page","link":"https:\/\/salondebellezamonicaperez.com\/en\/contacto\/","title":{"rendered":"Contacto"},"content":{"rendered":"\t\t<div data-elementor-type=\"wp-page\" data-elementor-id=\"277\" class=\"elementor elementor-277\" data-elementor-post-type=\"page\">\n\t\t\t\t<div class=\"elementor-element elementor-element-5e85c77 e-con-full e-flex elementor-invisible e-con e-parent\" data-id=\"5e85c77\" data-element_type=\"container\" data-e-type=\"container\" data-settings=\"{&quot;animation&quot;:&quot;fadeIn&quot;}\">\n\t\t\t\t<\/div>\n\t\t<div class=\"elementor-element elementor-element-ca75d29 e-flex e-con-boxed elementor-invisible e-con e-parent\" data-id=\"ca75d29\" data-element_type=\"container\" data-e-type=\"container\" data-settings=\"{&quot;animation&quot;:&quot;fadeIn&quot;}\">\n\t\t\t\t\t<div class=\"e-con-inner\">\n\t\t\t\t<div class=\"elementor-element elementor-element-7a1033c elementor-widget elementor-widget-heading\" data-id=\"7a1033c\" data-element_type=\"widget\" data-e-type=\"widget\" data-widget_type=\"heading.default\">\n\t\t\t\t<div class=\"elementor-widget-container\">\n\t\t\t\t\t<h2 class=\"elementor-heading-title elementor-size-default\">Cont\u00e1ctanos<\/h2>\t\t\t\t<\/div>\n\t\t\t\t<\/div>\n\t\t\t\t\t<\/div>\n\t\t\t\t<\/div>\n\t\t<div class=\"elementor-element elementor-element-9e51554 e-flex e-con-boxed e-con e-parent\" data-id=\"9e51554\" data-element_type=\"container\" data-e-type=\"container\">\n\t\t\t\t\t<div class=\"e-con-inner\">\n\t\t\t\t<div class=\"elementor-element elementor-element-a2b7d67 elementor-widget elementor-widget-google_maps\" data-id=\"a2b7d67\" data-element_type=\"widget\" data-e-type=\"widget\" data-widget_type=\"google_maps.default\">\n\t\t\t\t<div class=\"elementor-widget-container\">\n\t\t\t\t\t\t\t<div class=\"elementor-custom-embed\">\n\t\t\t<iframe loading=\"lazy\"\n\t\t\t\t\tsrc=\"https:\/\/maps.google.com\/maps?q=Sal%C3%B3n%20de%20belleza%20M%C3%B3nica%20Perez%20C.%20Escritor%20Federico%20de%20la%20Vega%2C%205%2C%2011408%20Jerez%20de%20la%20Frontera%2C%20C%C3%A1diz&#038;t=m&#038;z=15&#038;output=embed&#038;iwloc=near\"\n\t\t\t\t\ttitle=\"Sal\u00f3n de belleza M\u00f3nica Perez C. Escritor Federico de la Vega, 5, 11408 Jerez de la Frontera, C\u00e1diz\"\n\t\t\t\t\taria-label=\"Sal\u00f3n de belleza M\u00f3nica Perez C. Escritor Federico de la Vega, 5, 11408 Jerez de la Frontera, C\u00e1diz\"\n\t\t\t><\/iframe>\n\t\t<\/div>\n\t\t\t\t\t\t<\/div>\n\t\t\t\t<\/div>\n\t\t\t\t\t<\/div>\n\t\t\t\t<\/div>\n\t\t<div class=\"elementor-element elementor-element-9fb90be e-flex e-con-boxed e-con e-parent\" data-id=\"9fb90be\" data-element_type=\"container\" data-e-type=\"container\">\n\t\t\t\t\t<div class=\"e-con-inner\">\n\t\t\t\t<div class=\"elementor-element elementor-element-b179b89 elementor-widget-divider--separator-type-pattern elementor-widget-divider--no-spacing elementor-widget-divider--view-line elementor-widget elementor-widget-divider\" data-id=\"b179b89\" data-element_type=\"widget\" data-e-type=\"widget\" data-widget_type=\"divider.default\">\n\t\t\t\t<div class=\"elementor-widget-container\">\n\t\t\t\t\t\t\t<div class=\"elementor-divider\" style=\"--divider-pattern-url: url(&quot;data:image\/svg+xml,%3Csvg xmlns=&#039;http:\/\/www.w3.org\/2000\/svg&#039; preserveAspectRatio=&#039;xMidYMid meet&#039; overflow=&#039;visible&#039; height=&#039;100%&#039; viewBox=&#039;0 0 126 26&#039; fill=&#039;black&#039; stroke=&#039;none&#039;%3E%3Cpath d=&#039;M3,10.2c2.6,0,2.6,2,2.6,3.2S4.4,16.5,3,16.5s-3-1.4-3-3.2S0.4,10.2,3,10.2z M18.8,10.2c1.7,0,3.2,1.4,3.2,3.2s-1.4,3.2-3.2,3.2c-1.7,0-3.2-1.4-3.2-3.2S17,10.2,18.8,10.2z M34.6,10.2c1.5,0,2.6,1.4,2.6,3.2s-0.5,3.2-1.9,3.2c-1.5,0-3.4-1.4-3.4-3.2S33.1,10.2,34.6,10.2z M50.5,10.2c1.7,0,3.2,1.4,3.2,3.2s-1.4,3.2-3.2,3.2c-1.7,0-3.3-0.9-3.3-2.6S48.7,10.2,50.5,10.2z M66.2,10.2c1.5,0,3.4,1.4,3.4,3.2s-1.9,3.2-3.4,3.2c-1.5,0-2.6-0.4-2.6-2.1S64.8,10.2,66.2,10.2z M82.2,10.2c1.7,0.8,2.6,1.4,2.6,3.2s-0.1,3.2-1.6,3.2c-1.5,0-3.7-1.4-3.7-3.2S80.5,9.4,82.2,10.2zM98.6,10.2c1.5,0,2.6,0.4,2.6,2.1s-1.2,4.2-2.6,4.2c-1.5,0-3.7-0.4-3.7-2.1S97.1,10.2,98.6,10.2z M113.4,10.2c1.2,0,2.2,0.9,2.2,3.2s-0.1,3.2-1.3,3.2s-3.1-1.4-3.1-3.2S112.2,10.2,113.4,10.2z&#039;\/%3E%3C\/svg%3E&quot;);\">\n\t\t\t<span class=\"elementor-divider-separator\">\n\t\t\t\t\t\t<\/span>\n\t\t<\/div>\n\t\t\t\t\t\t<\/div>\n\t\t\t\t<\/div>\n\t\t\t\t\t<\/div>\n\t\t\t\t<\/div>\n\t\t<div class=\"elementor-element elementor-element-7fe62c5 e-flex e-con-boxed e-con e-parent\" data-id=\"7fe62c5\" data-element_type=\"container\" data-e-type=\"container\">\n\t\t\t\t\t<div class=\"e-con-inner\">\n\t\t\t\t<div class=\"elementor-element elementor-element-b7151eb elementor-widget elementor-widget-text-editor\" data-id=\"b7151eb\" data-element_type=\"widget\" data-e-type=\"widget\" data-widget_type=\"text-editor.default\">\n\t\t\t\t<div class=\"elementor-widget-container\">\n\t\t\t\t\t\t\t\t\t<p>Si tienes alguna pregunta acerca de nuestros productos o servicios, por favor rellena el siguiente formulario y en breve nos pondremos en contacto contigo. Tambi\u00e9n nos puedes llamar por tel\u00e9fono o incluso venir a visitarnos \u2013 \u00a1esperamos verte pronto!<\/p>\t\t\t\t\t\t\t\t<\/div>\n\t\t\t\t<\/div>\n\t\t\t\t<div class=\"elementor-element elementor-element-de06bce elementor-button-align-stretch elementor-widget elementor-widget-form\" data-id=\"de06bce\" data-element_type=\"widget\" data-e-type=\"widget\" data-settings=\"{&quot;step_next_label&quot;:&quot;Siguiente&quot;,&quot;step_previous_label&quot;:&quot;Anterior&quot;,&quot;button_width&quot;:&quot;100&quot;,&quot;step_type&quot;:&quot;number_text&quot;,&quot;step_icon_shape&quot;:&quot;circle&quot;}\" data-widget_type=\"form.default\">\n\t\t\t\t<div class=\"elementor-widget-container\">\n\t\t\t\t\t\t\t<form class=\"elementor-form\" method=\"post\" name=\"Nuevo formulario\" aria-label=\"Nuevo formulario\">\n\t\t\t<input type=\"hidden\" name=\"post_id\" value=\"277\"\/>\n\t\t\t<input type=\"hidden\" name=\"form_id\" value=\"de06bce\"\/>\n\t\t\t<input type=\"hidden\" name=\"referer_title\" value=\"Contacto - Sal\u00f3n de Belleza M\u00f3nica P\u00e9rez\" \/>\n\n\t\t\t\t\t\t\t<input type=\"hidden\" name=\"queried_id\" value=\"277\"\/>\n\t\t\t\n\t\t\t<div class=\"elementor-form-fields-wrapper elementor-labels-above\">\n\t\t\t\t\t\t\t\t<div class=\"elementor-field-type-text elementor-field-group elementor-column elementor-field-group-name elementor-col-100\">\n\t\t\t\t\t\t\t\t\t\t\t\t<label for=\"form-field-name\" class=\"elementor-field-label\">\n\t\t\t\t\t\t\t\tNombre\t\t\t\t\t\t\t<\/label>\n\t\t\t\t\t\t\t\t\t\t\t\t\t\t<input size=\"1\" type=\"text\" name=\"form_fields[name]\" id=\"form-field-name\" class=\"elementor-field elementor-size-sm  elementor-field-textual\" placeholder=\"Nombre\">\n\t\t\t\t\t\t\t\t\t\t\t<\/div>\n\t\t\t\t\t\t\t\t<div class=\"elementor-field-type-email elementor-field-group elementor-column elementor-field-group-email elementor-col-100 elementor-field-required\">\n\t\t\t\t\t\t\t\t\t\t\t\t<label for=\"form-field-email\" class=\"elementor-field-label\">\n\t\t\t\t\t\t\t\tCorreo electr\u00f3nico\t\t\t\t\t\t\t<\/label>\n\t\t\t\t\t\t\t\t\t\t\t\t\t\t<input size=\"1\" type=\"email\" name=\"form_fields[email]\" id=\"form-field-email\" class=\"elementor-field elementor-size-sm  elementor-field-textual\" placeholder=\"Correo electr\u00f3nico\" required=\"required\">\n\t\t\t\t\t\t\t\t\t\t\t<\/div>\n\t\t\t\t\t\t\t\t<div class=\"elementor-field-type-tel elementor-field-group elementor-column elementor-field-group-field_01ee7e2 elementor-col-100\">\n\t\t\t\t\t\t\t\t\t\t\t\t<label for=\"form-field-field_01ee7e2\" class=\"elementor-field-label\">\n\t\t\t\t\t\t\t\tTel\u00e9fono\t\t\t\t\t\t\t<\/label>\n\t\t\t\t\t\t\t\t<input size=\"1\" type=\"tel\" name=\"form_fields[field_01ee7e2]\" id=\"form-field-field_01ee7e2\" class=\"elementor-field elementor-size-sm  elementor-field-textual\" pattern=\"[0-9()#&amp;+*-=.]+\" title=\"Solo se aceptan n\u00fameros y caracteres de tel\u00e9fono (#,-,*,etc).\">\n\n\t\t\t\t\t\t<\/div>\n\t\t\t\t\t\t\t\t<div class=\"elementor-field-type-textarea elementor-field-group elementor-column elementor-field-group-message elementor-col-100\">\n\t\t\t\t\t\t\t\t\t\t\t\t<label for=\"form-field-message\" class=\"elementor-field-label\">\n\t\t\t\t\t\t\t\tMensaje\t\t\t\t\t\t\t<\/label>\n\t\t\t\t\t\t<textarea class=\"elementor-field-textual elementor-field  elementor-size-sm\" name=\"form_fields[message]\" id=\"form-field-message\" rows=\"4\" placeholder=\"Mensaje\"><\/textarea>\t\t\t\t<\/div>\n\t\t\t\t\t\t\t\t<div class=\"elementor-field-type-recaptcha_v3 elementor-field-group elementor-column elementor-field-group-field_37b65ef elementor-col-100 recaptcha_v3-bottomright\">\n\t\t\t\t\t<div class=\"elementor-field\" id=\"form-field-field_37b65ef\"><div class=\"elementor-g-recaptcha\" data-sitekey=\"6Le9bm4qAAAAAF3KXAdb1o-MPeNKmAuJqQSKR4y7\" data-type=\"v3\" data-action=\"Form\" data-badge=\"bottomright\" data-size=\"invisible\"><\/div><\/div>\t\t\t\t<\/div>\n\t\t\t\t\t\t\t\t<div class=\"elementor-field-group elementor-column elementor-field-type-submit elementor-col-100 e-form__buttons\">\n\t\t\t\t\t<button class=\"elementor-button elementor-size-sm\" type=\"submit\">\n\t\t\t\t\t\t<span class=\"elementor-button-content-wrapper\">\n\t\t\t\t\t\t\t\t\t\t\t\t\t\t\t\t\t\t\t\t\t\t<span class=\"elementor-button-text\">Enviar<\/span>\n\t\t\t\t\t\t\t\t\t\t\t\t\t<\/span>\n\t\t\t\t\t<\/button>\n\t\t\t\t<\/div>\n\t\t\t<\/div>\n\t\t<\/form>\n\t\t\t\t\t\t<\/div>\n\t\t\t\t<\/div>\n\t\t\t\t\t<\/div>\n\t\t\t\t<\/div>\n\t\t\t\t<\/div>\n\t\t","protected":false},"excerpt":{"rendered":"<p>Cont\u00e1ctanos Si tienes alguna pregunta acerca de nuestros productos o servicios, por favor rellena el siguiente formulario y en breve nos pondremos en contacto contigo. Tambi\u00e9n nos puedes llamar por tel\u00e9fono o incluso venir a visitarnos \u2013 \u00a1esperamos verte pronto!<\/p>","protected":false},"author":1,"featured_media":0,"parent":0,"menu_order":0,"comment_status":"closed","ping_status":"closed","template":"","meta":{"inline_featured_image":false,"footnotes":""},"class_list":["post-277","page","type-page","status-publish","hentry"],"yoast_head":"<!-- This site is optimized with the Yoast SEO plugin v27.5 - https:\/\/yoast.com\/product\/yoast-seo-wordpress\/ -->\n<title>Contacto - Sal\u00f3n de Belleza M\u00f3nica P\u00e9rez<\/title>\n<meta name=\"robots\" content=\"index, follow, max-snippet:-1, max-image-preview:large, max-video-preview:-1\" \/>\n<link rel=\"canonical\" href=\"https:\/\/salondebellezamonicaperez.com\/en\/contacto\/\" \/>\n<meta property=\"og:locale\" content=\"en_US\" \/>\n<meta property=\"og:type\" content=\"article\" \/>\n<meta property=\"og:title\" content=\"Contacto - Sal\u00f3n de Belleza M\u00f3nica P\u00e9rez\" \/>\n<meta property=\"og:description\" content=\"Cont\u00e1ctanos Si tienes alguna pregunta acerca de nuestros productos o servicios, por favor rellena el siguiente formulario y en breve nos pondremos en contacto contigo. Tambi\u00e9n nos puedes llamar por tel\u00e9fono o incluso venir a visitarnos \u2013 \u00a1esperamos verte pronto!\" \/>\n<meta property=\"og:url\" content=\"https:\/\/salondebellezamonicaperez.com\/en\/contacto\/\" \/>\n<meta property=\"og:site_name\" content=\"Sal\u00f3n de Belleza M\u00f3nica P\u00e9rez\" \/>\n<meta property=\"article:modified_time\" content=\"2024-11-18T08:54:36+00:00\" \/>\n<meta name=\"twitter:card\" content=\"summary_large_image\" \/>\n<script type=\"application\/ld+json\" class=\"yoast-schema-graph\">{\"@context\":\"https:\\\/\\\/schema.org\",\"@graph\":[{\"@type\":\"WebPage\",\"@id\":\"https:\\\/\\\/salondebellezamonicaperez.com\\\/contacto\\\/\",\"url\":\"https:\\\/\\\/salondebellezamonicaperez.com\\\/contacto\\\/\",\"name\":\"Contacto - Sal\u00f3n de Belleza M\u00f3nica P\u00e9rez\",\"isPartOf\":{\"@id\":\"https:\\\/\\\/salondebellezamonicaperez.com\\\/#website\"},\"datePublished\":\"2024-10-28T11:29:11+00:00\",\"dateModified\":\"2024-11-18T08:54:36+00:00\",\"breadcrumb\":{\"@id\":\"https:\\\/\\\/salondebellezamonicaperez.com\\\/contacto\\\/#breadcrumb\"},\"inLanguage\":\"en-US\",\"potentialAction\":[{\"@type\":\"ReadAction\",\"target\":[\"https:\\\/\\\/salondebellezamonicaperez.com\\\/contacto\\\/\"]}]},{\"@type\":\"BreadcrumbList\",\"@id\":\"https:\\\/\\\/salondebellezamonicaperez.com\\\/contacto\\\/#breadcrumb\",\"itemListElement\":[{\"@type\":\"ListItem\",\"position\":1,\"name\":\"Portada\",\"item\":\"https:\\\/\\\/salondebellezamonicaperez.com\\\/\"},{\"@type\":\"ListItem\",\"position\":2,\"name\":\"Contacto\"}]},{\"@type\":\"WebSite\",\"@id\":\"https:\\\/\\\/salondebellezamonicaperez.com\\\/#website\",\"url\":\"https:\\\/\\\/salondebellezamonicaperez.com\\\/\",\"name\":\"Sal\u00f3n de Belleza M\u00f3nica P\u00e9rez\",\"description\":\"Centro de Belleza &amp; Est\u00e9tica\",\"publisher\":{\"@id\":\"https:\\\/\\\/salondebellezamonicaperez.com\\\/#organization\"},\"potentialAction\":[{\"@type\":\"SearchAction\",\"target\":{\"@type\":\"EntryPoint\",\"urlTemplate\":\"https:\\\/\\\/salondebellezamonicaperez.com\\\/?s={search_term_string}\"},\"query-input\":{\"@type\":\"PropertyValueSpecification\",\"valueRequired\":true,\"valueName\":\"search_term_string\"}}],\"inLanguage\":\"en-US\"},{\"@type\":\"Organization\",\"@id\":\"https:\\\/\\\/salondebellezamonicaperez.com\\\/#organization\",\"name\":\"Sal\u00f3n de Belleza M\u00f3nica P\u00e9rez\",\"url\":\"https:\\\/\\\/salondebellezamonicaperez.com\\\/\",\"logo\":{\"@type\":\"ImageObject\",\"inLanguage\":\"en-US\",\"@id\":\"https:\\\/\\\/salondebellezamonicaperez.com\\\/#\\\/schema\\\/logo\\\/image\\\/\",\"url\":\"https:\\\/\\\/salondebellezamonicaperez.com\\\/wp-content\\\/uploads\\\/2024\\\/10\\\/logo.svg\",\"contentUrl\":\"https:\\\/\\\/salondebellezamonicaperez.com\\\/wp-content\\\/uploads\\\/2024\\\/10\\\/logo.svg\",\"caption\":\"Sal\u00f3n de Belleza M\u00f3nica P\u00e9rez\"},\"image\":{\"@id\":\"https:\\\/\\\/salondebellezamonicaperez.com\\\/#\\\/schema\\\/logo\\\/image\\\/\"}}]}<\/script>\n<!-- \/ Yoast SEO plugin. -->","yoast_head_json":{"title":"Contacto - Sal\u00f3n de Belleza M\u00f3nica P\u00e9rez","robots":{"index":"index","follow":"follow","max-snippet":"max-snippet:-1","max-image-preview":"max-image-preview:large","max-video-preview":"max-video-preview:-1"},"canonical":"https:\/\/salondebellezamonicaperez.com\/en\/contacto\/","og_locale":"en_US","og_type":"article","og_title":"Contacto - Sal\u00f3n de Belleza M\u00f3nica P\u00e9rez","og_description":"Cont\u00e1ctanos Si tienes alguna pregunta acerca de nuestros productos o servicios, por favor rellena el siguiente formulario y en breve nos pondremos en contacto contigo. Tambi\u00e9n nos puedes llamar por tel\u00e9fono o incluso venir a visitarnos \u2013 \u00a1esperamos verte pronto!","og_url":"https:\/\/salondebellezamonicaperez.com\/en\/contacto\/","og_site_name":"Sal\u00f3n de Belleza M\u00f3nica P\u00e9rez","article_modified_time":"2024-11-18T08:54:36+00:00","twitter_card":"summary_large_image","schema":{"@context":"https:\/\/schema.org","@graph":[{"@type":"WebPage","@id":"https:\/\/salondebellezamonicaperez.com\/contacto\/","url":"https:\/\/salondebellezamonicaperez.com\/contacto\/","name":"Contacto - Sal\u00f3n de Belleza M\u00f3nica P\u00e9rez","isPartOf":{"@id":"https:\/\/salondebellezamonicaperez.com\/#website"},"datePublished":"2024-10-28T11:29:11+00:00","dateModified":"2024-11-18T08:54:36+00:00","breadcrumb":{"@id":"https:\/\/salondebellezamonicaperez.com\/contacto\/#breadcrumb"},"inLanguage":"en-US","potentialAction":[{"@type":"ReadAction","target":["https:\/\/salondebellezamonicaperez.com\/contacto\/"]}]},{"@type":"BreadcrumbList","@id":"https:\/\/salondebellezamonicaperez.com\/contacto\/#breadcrumb","itemListElement":[{"@type":"ListItem","position":1,"name":"Portada","item":"https:\/\/salondebellezamonicaperez.com\/"},{"@type":"ListItem","position":2,"name":"Contacto"}]},{"@type":"WebSite","@id":"https:\/\/salondebellezamonicaperez.com\/#website","url":"https:\/\/salondebellezamonicaperez.com\/","name":"Sal\u00f3n de Belleza M\u00f3nica P\u00e9rez","description":"Centro de Belleza &amp; Est\u00e9tica","publisher":{"@id":"https:\/\/salondebellezamonicaperez.com\/#organization"},"potentialAction":[{"@type":"SearchAction","target":{"@type":"EntryPoint","urlTemplate":"https:\/\/salondebellezamonicaperez.com\/?s={search_term_string}"},"query-input":{"@type":"PropertyValueSpecification","valueRequired":true,"valueName":"search_term_string"}}],"inLanguage":"en-US"},{"@type":"Organization","@id":"https:\/\/salondebellezamonicaperez.com\/#organization","name":"Sal\u00f3n de Belleza M\u00f3nica P\u00e9rez","url":"https:\/\/salondebellezamonicaperez.com\/","logo":{"@type":"ImageObject","inLanguage":"en-US","@id":"https:\/\/salondebellezamonicaperez.com\/#\/schema\/logo\/image\/","url":"https:\/\/salondebellezamonicaperez.com\/wp-content\/uploads\/2024\/10\/logo.svg","contentUrl":"https:\/\/salondebellezamonicaperez.com\/wp-content\/uploads\/2024\/10\/logo.svg","caption":"Sal\u00f3n de Belleza M\u00f3nica P\u00e9rez"},"image":{"@id":"https:\/\/salondebellezamonicaperez.com\/#\/schema\/logo\/image\/"}}]}},"_links":{"self":[{"href":"https:\/\/salondebellezamonicaperez.com\/en\/wp-json\/wp\/v2\/pages\/277","targetHints":{"allow":["GET"]}}],"collection":[{"href":"https:\/\/salondebellezamonicaperez.com\/en\/wp-json\/wp\/v2\/pages"}],"about":[{"href":"https:\/\/salondebellezamonicaperez.com\/en\/wp-json\/wp\/v2\/types\/page"}],"author":[{"embeddable":true,"href":"https:\/\/salondebellezamonicaperez.com\/en\/wp-json\/wp\/v2\/users\/1"}],"replies":[{"embeddable":true,"href":"https:\/\/salondebellezamonicaperez.com\/en\/wp-json\/wp\/v2\/comments?post=277"}],"version-history":[{"count":37,"href":"https:\/\/salondebellezamonicaperez.com\/en\/wp-json\/wp\/v2\/pages\/277\/revisions"}],"predecessor-version":[{"id":414,"href":"https:\/\/salondebellezamonicaperez.com\/en\/wp-json\/wp\/v2\/pages\/277\/revisions\/414"}],"wp:attachment":[{"href":"https:\/\/salondebellezamonicaperez.com\/en\/wp-json\/wp\/v2\/media?parent=277"}],"curies":[{"name":"wp","href":"https:\/\/api.w.org\/{rel}","templated":true}]}}